{"id":3634,"date":"2026-03-14T09:23:47","date_gmt":"2026-03-14T09:23:47","guid":{"rendered":"https:\/\/transilvaniya-aparts.bg\/?page_id=3634"},"modified":"2026-03-27T11:59:50","modified_gmt":"2026-03-27T11:59:50","slug":"cookies-policy","status":"publish","type":"page","link":"https:\/\/transilvaniya-aparts.bg\/ro\/cookies-policy\/","title":{"rendered":"Politica privind cookie-urile"},"content":{"rendered":"<div data-elementor-type=\"wp-page\" data-elementor-id=\"3634\" class=\"elementor elementor-3634\" data-elementor-post-type=\"page\">\n\t\t\t\t<div class=\"elementor-element elementor-element-b7ef3e8 e-flex e-con-boxed e-con e-parent\" data-id=\"b7ef3e8\" data-element_type=\"container\" data-e-type=\"container\" data-settings=\"{&quot;jet_parallax_layout_list&quot;:[]}\">\n\t\t\t\t\t<div class=\"e-con-inner\">\n\t\t\t\t<div class=\"elementor-element elementor-element-808e6a9 elementor-widget elementor-widget-text-editor\" data-id=\"808e6a9\" data-element_type=\"widget\" data-e-type=\"widget\" data-widget_type=\"text-editor.default\">\n\t\t\t\t\t\t\t\t\t<h2>Politica privind modulele cookie<\/h2><p><strong><a href=\"http:\/\/transilvaniya-aparts.bg\/ro\/\" target=\"_blank\" rel=\"noopener noreferrer\">transilvaniya-aparts.bg<\/a><\/strong><br \/><strong>ESCAP TOUR LTD.<\/strong><\/p><p><em>Ultima actualizare: martie 2025.<\/em><\/p><hr \/><h2>1. Ce sunt cookie-urile?<\/h2><p>Cookie-urile sunt fi\u0219iere text de mici dimensiuni care sunt stocate pe dispozitivul dvs. atunci c\u00e2nd vizita\u021bi un site web. Acestea ajut\u0103 site-ul web s\u0103 func\u021bioneze corect \u0219i s\u0103 re\u021bin\u0103 anumite set\u0103ri despre vizita dumneavoastr\u0103.<\/p><hr \/><h2>2. Ce module cookie folosim<\/h2><p>La\u00a0<strong><a href=\"http:\/\/transilvaniya-aparts.bg\/ro\/\" target=\"_blank\" rel=\"noopener noreferrer\">transilvaniya-aparts.bg<\/a><\/strong>\u00a0folosim numai\u00a0<strong>module cookie necesare din punct de vedere tehnic<\/strong>, f\u0103r\u0103 de care site-ul nu poate func\u021biona normal.<\/p><div class=\"table-scroll-wrapper\"><table><thead><tr><th>Tip<\/th><th>Obiectiv<\/th><th>Termen limit\u0103<\/th><\/tr><\/thead><tbody><tr><td>Cookie de sesiune<\/td><td>Salveaz\u0103 datele dvs. \u00een timpul rezerv\u0103rii (checkout)<\/td><td>P\u00e2n\u0103 la sf\u00e2r\u0219itul sesiunii<\/td><\/tr><tr><td>Securitate<\/td><td>Protec\u021bie \u00eempotriva cererilor r\u0103u inten\u021bionate (protec\u021bie CSRF)<\/td><td>P\u00e2n\u0103 la sf\u00e2r\u0219itul sesiunii<\/td><\/tr><tr><td>Preferin\u021be<\/td><td>\u00ce\u0219i aminte\u0219te limba sau set\u0103rile tehnice<\/td><td>P\u00e2n\u0103 la sf\u00e2r\u0219itul sesiunii<\/td><\/tr><\/tbody><\/table><\/div><p>Module cookie ale prestatorului nostru de servicii de plat\u0103 <strong>Borica<\/strong>\u00a0pot fi, de asemenea, plasate la navigarea c\u0103tre pagina de plat\u0103. Aceste module cookie sunt gestionate de furnizorul respectiv \u0219i servesc doar la securizarea proces\u0103rii pl\u0103\u021bilor.<\/p><hr \/><h2>3. Module cookie ale ter\u021bilor<\/h2><p>Noi\u00a0<strong>nu folosim<\/strong>\u00a0cookie-uri pentru:<\/p><ul><li>Urm\u0103rire \u0219i analiz\u0103 (de exemplu, Google Analytics)<\/li><li>Publicitate \u0219i remarketing<\/li><li>Re\u021bele sociale<\/li><li>Marketing prin e-mail<\/li><\/ul><hr \/><h2>4. Este necesar consim\u021b\u0103m\u00e2ntul dumneavoastr\u0103?<\/h2><p>Cookie-uri necesare din punct de vedere tehnic\u00a0<strong>nu necesit\u0103 consim\u021b\u0103m\u00e2ntul dumneavoastr\u0103<\/strong>\u00a0\u00een conformitate cu GDPR \u0219i Directiva 2009\/136\/CE, deoarece acestea sunt obligatorii pentru func\u021bionarea normal\u0103 a site-ului web. Din acest motiv, site-ul nostru\u00a0<strong>banner pop-up f\u0103r\u0103 cookie<\/strong>.<\/p><hr \/><h2>5. Cum s\u0103 gestiona\u021bi modulele cookie<\/h2><p>Pute\u021bi controla \u0219i \u0219terge modulele cookie prin set\u0103rile browserului dvs:<\/p><ul><li><strong>Crom:<\/strong>\u00a0Set\u0103ri \u2192 Confiden\u021bialitate \u0219i securitate \u2192 Cookie-uri<\/li><li><strong>Firefox:<\/strong>\u00a0Set\u0103ri \u2192 Confiden\u021bialitate \u0219i securitate<\/li><li><strong>Safari:<\/strong>\u00a0Set\u0103ri \u2192 Confiden\u021bialitate<\/li><li><strong>Marginea:<\/strong>\u00a0Set\u0103ri \u2192 Cookie-uri \u0219i permisiuni ale site-ului<\/li><\/ul><p>V\u0103 rug\u0103m s\u0103 re\u021bine\u021bi c\u0103 blocarea cookie-urilor necesare din punct de vedere tehnic poate duce la func\u021bionarea necorespunz\u0103toare a paginii de rezervare.<\/p><hr \/><h2>6. Modific\u0103ri de politic\u0103<\/h2><p>Vom actualiza aceast\u0103 pagin\u0103 \u00een cazul \u00een care exist\u0103 modific\u0103ri ale modulelor cookie utilizate. V\u0103 recomand\u0103m s\u0103 o revizui\u021bi periodic.<\/p><hr \/><h2>7. Contact<\/h2><p>Dac\u0103 ave\u021bi \u00eentreb\u0103ri cu privire la utilizarea de c\u0103tre noi a modulelor cookie, v\u0103 rug\u0103m s\u0103 ne contacta\u021bi:<\/p><p><strong>ESCAP TOUR LTD.<\/strong><br \/>Website:\u00a0<a href=\"http:\/\/transilvaniya-aparts.bg\/ro\/\" target=\"_blank\" rel=\"noopener noreferrer\">transilvaniya-aparts.bg<\/a><br \/>E-mail: transilvaniyaaparts@gmail.com<br \/>Telefon: +359 885 223 338 \/ +359 889 711 269<\/p>\t\t\t\t\t\t\t\t<\/div>\n\t\t\t\t\t<\/div>\n\t\t\t\t<\/div>\n\t\t\t\t<\/div>","protected":false},"excerpt":{"rendered":"<p>\u041f\u043e\u043b\u0438\u0442\u0438\u043a\u0430 \u0437\u0430 \u0431\u0438\u0441\u043a\u0432\u0438\u0442\u043a\u0438 (Cookies) transilvaniya-aparts.bg\u0415\u0421\u041a\u0415\u0419\u041f \u0422\u0423\u0420 \u041e\u041e\u0414 \u041f\u043e\u0441\u043b\u0435\u0434\u043d\u0430 \u0430\u043a\u0442\u0443\u0430\u043b\u0438\u0437\u0430\u0446\u0438\u044f: \u043c\u0430\u0440\u0442 2025 \u0433. 1. \u041a\u0430\u043a\u0432\u043e \u0441\u0430 \u0431\u0438\u0441\u043a\u0432\u0438\u0442\u043a\u0438? \u0411\u0438\u0441\u043a\u0432\u0438\u0442\u043a\u0438\u0442\u0435 (cookies) \u0441\u0430 \u043c\u0430\u043b\u043a\u0438 \u0442\u0435\u043a\u0441\u0442\u043e\u0432\u0438 \u0444\u0430\u0439\u043b\u043e\u0432\u0435, \u043a\u043e\u0438\u0442\u043e \u0441\u0435 \u0437\u0430\u043f\u0430\u0437\u0432\u0430\u0442 \u043d\u0430 \u0432\u0430\u0448\u0435\u0442\u043e \u0443\u0441\u0442\u0440\u043e\u0439\u0441\u0442\u0432\u043e \u043f\u0440\u0438 \u043f\u043e\u0441\u0435\u0449\u0435\u043d\u0438\u0435 \u043d\u0430 \u0443\u0435\u0431\u0441\u0430\u0439\u0442. \u0422\u0435 \u043f\u043e\u043c\u0430\u0433\u0430\u0442 \u043d\u0430 \u0441\u0430\u0439\u0442\u0430 \u0434\u0430 \u0444\u0443\u043d\u043a\u0446\u0438\u043e\u043d\u0438\u0440\u0430 \u043f\u0440\u0430\u0432\u0438\u043b\u043d\u043e \u0438 \u0434\u0430 \u0437\u0430\u043f\u043e\u043c\u043d\u0438 \u043e\u043f\u0440\u0435\u0434\u0435\u043b\u0435\u043d\u0438 \u043d\u0430\u0441\u0442\u0440\u043e\u0439\u043a\u0438 \u0437\u0430 \u0432\u0430\u0448\u0435\u0442\u043e \u043f\u043e\u0441\u0435\u0449\u0435\u043d\u0438\u0435. 2. \u041a\u0430\u043a\u0432\u0438 \u0431\u0438\u0441\u043a\u0432\u0438\u0442\u043a\u0438 \u0438\u0437\u043f\u043e\u043b\u0437\u0432\u0430\u043c\u0435 \u041d\u0430\u00a0transilvaniya-aparts.bg\u00a0\u0438\u0437\u043f\u043e\u043b\u0437\u0432\u0430\u043c\u0435 \u0435\u0434\u0438\u043d\u0441\u0442\u0432\u0435\u043d\u043e\u00a0\u0442\u0435\u0445\u043d\u0438\u0447\u0435\u0441\u043a\u0438 \u043d\u0435\u043e\u0431\u0445\u043e\u0434\u0438\u043c\u0438 \u0431\u0438\u0441\u043a\u0432\u0438\u0442\u043a\u0438, [&hellip;]<\/p>\n","protected":false},"author":1,"featured_media":0,"parent":0,"menu_order":0,"comment_status":"closed","ping_status":"closed","template":"","meta":{"footnotes":""},"class_list":["post-3634","page","type-page","status-publish","hentry"],"_links":{"self":[{"href":"https:\/\/transilvaniya-aparts.bg\/ro\/wp-json\/wp\/v2\/pages\/3634","targetHints":{"allow":["GET"]}}],"collection":[{"href":"https:\/\/transilvaniya-aparts.bg\/ro\/wp-json\/wp\/v2\/pages"}],"about":[{"href":"https:\/\/transilvaniya-aparts.bg\/ro\/wp-json\/wp\/v2\/types\/page"}],"author":[{"embeddable":true,"href":"https:\/\/transilvaniya-aparts.bg\/ro\/wp-json\/wp\/v2\/users\/1"}],"replies":[{"embeddable":true,"href":"https:\/\/transilvaniya-aparts.bg\/ro\/wp-json\/wp\/v2\/comments?post=3634"}],"version-history":[{"count":3,"href":"https:\/\/transilvaniya-aparts.bg\/ro\/wp-json\/wp\/v2\/pages\/3634\/revisions"}],"predecessor-version":[{"id":3740,"href":"https:\/\/transilvaniya-aparts.bg\/ro\/wp-json\/wp\/v2\/pages\/3634\/revisions\/3740"}],"wp:attachment":[{"href":"https:\/\/transilvaniya-aparts.bg\/ro\/wp-json\/wp\/v2\/media?parent=3634"}],"curies":[{"name":"wp","href":"https:\/\/api.w.org\/{rel}","templated":true}]}}