{"id":3230,"date":"2026-02-04T13:59:30","date_gmt":"2026-02-04T13:59:30","guid":{"rendered":"https:\/\/transilvaniya-aparts.bg\/?page_id=3230"},"modified":"2026-03-28T12:40:04","modified_gmt":"2026-03-28T12:40:04","slug":"privacy-policy","status":"publish","type":"page","link":"https:\/\/transilvaniya-aparts.bg\/pl\/privacy-policy\/","title":{"rendered":"Polityka prywatno\u015bci"},"content":{"rendered":"<div data-elementor-type=\"wp-page\" data-elementor-id=\"3230\" class=\"elementor elementor-3230\" data-elementor-post-type=\"page\">\n\t\t\t\t<div class=\"elementor-element elementor-element-cc22c4d e-flex e-con-boxed e-con e-parent\" data-id=\"cc22c4d\" data-element_type=\"container\" data-e-type=\"container\" data-settings=\"{&quot;jet_parallax_layout_list&quot;:[]}\">\n\t\t\t\t\t<div class=\"e-con-inner\">\n\t\t\t\t<div class=\"elementor-element elementor-element-77c4c1e elementor-widget elementor-widget-text-editor\" data-id=\"77c4c1e\" data-element_type=\"widget\" data-e-type=\"widget\" data-widget_type=\"text-editor.default\">\n\t\t\t\t\t\t\t\t\t<h2>Polityka prywatno\u015bci<\/h2><p><strong><a href=\"http:\/\/transilvaniya-aparts.bg\/pl\/\" target=\"_blank\" rel=\"noopener noreferrer\">transilvaniya-aparts.bg<\/a><\/strong><br \/><strong>ESCAP TOUR LTD.<\/strong><\/p><p><em>Ostatnia aktualizacja: marzec 2025 r.<\/em><\/p><hr \/><h2>1. Wprowadzenie<\/h2><p>ESCAP Tours Ltd (\u201emy\u201c, \u201enas\u201c, \u201enasz\u201c) jest administratorem danych i zobowi\u0105zuje si\u0119 do ochrony danych osobowych u\u017cytkownik\u00f3w. Niniejsza polityka prywatno\u015bci wyja\u015bnia, jakie dane gromadzimy, dlaczego je gromadzimy i w jaki spos\u00f3b je wykorzystujemy podczas odwiedzin u\u017cytkownika\u00a0<strong><a href=\"http:\/\/transilvaniya-aparts.bg\/pl\/\" target=\"_blank\" rel=\"noopener noreferrer\">transilvaniya-aparts.bg<\/a><\/strong>.<\/p><p>Nasze dzia\u0142ania s\u0105 regulowane przez\u00a0<strong>Rozporz\u0105dzenie (UE) 2016\/679 (RODO)<\/strong>\u00a0\u0438\u00a0<strong>Ustawa o ochronie danych osobowych<\/strong>\u00a0Republiki Bu\u0142garii.<\/p><hr \/><h2>2. Jakie dane gromadzimy<\/h2><h3>2.1 Formularz zapytania<\/h3><p>Gdy u\u017cytkownik wysy\u0142a zapytanie za po\u015brednictwem naszej strony internetowej, gromadzimy dane:<\/p><ul><li>Nazwy<\/li><li>Adres e-mail<\/li><li>Numer telefonu (je\u015bli podano)<\/li><li>Tre\u015b\u0107 \u017c\u0105dania<\/li><\/ul><h3>2.2 Strona rezerwacji (p\u0142atno\u015b\u0107)<\/h3><p>Podczas dokonywania rezerwacji zbieramy dane:<\/p><ul><li>Imi\u0119 i nazwisko<\/li><li>Adres e-mail<\/li><li>Numer telefonu<\/li><li>Szczeg\u00f3\u0142y pobytu (daty, liczba go\u015bci)<\/li><li>Informacje o p\u0142atno\u015bci (przetwarzane przez bezpiecznego dostawc\u0119 p\u0142atno\u015bci, nie przechowujemy danych karty)<\/li><\/ul><h3>2.3 Dane techniczne<\/h3><p>S\u0105 one zbierane automatycznie podczas odwiedzania witryny:<\/p><ul><li>Adres IP<\/li><li>Typ przegl\u0105darki i urz\u0105dzenia<\/li><li>Odwiedzone strony i data\/godzina odwiedzin<\/li><\/ul><hr \/><h2>3. Na jakiej podstawie prawnej przetwarzamy dane u\u017cytkownika<\/h2><p>Zgodnie z RODO przetwarzamy dane osobowe u\u017cytkownik\u00f3w na nast\u0119puj\u0105cych podstawach:<\/p><div class=\"table-scroll-wrapper\"><table><thead><tr><th>Grunt<\/th><th>Za\u0142\u0105cznik<\/th><\/tr><\/thead><tbody><tr><td><strong>Wykonanie umowy<\/strong><\/td><td>Przetwarzanie rezerwacji i p\u0142atno\u015bci<\/td><\/tr><tr><td><strong>Uzasadniony interes<\/strong><\/td><td>Odpowiadanie na zapytania i ulepszanie us\u0142ugi<\/td><\/tr><tr><td><strong>Obowi\u0105zek prawny<\/strong><\/td><td>Przechowywanie dokumentacji ksi\u0119gowej<\/td><\/tr><\/tbody><\/table><\/div><hr \/><h2>4. Do czego wykorzystujemy dane u\u017cytkownika<\/h2><p>Wykorzystujemy dane osobowe u\u017cytkownika wy\u0142\u0105cznie do:<\/p><ul><li>Przetwarzanie i potwierdzenie rezerwacji<\/li><li>Odpowied\u017a na zapytania wys\u0142ane za po\u015brednictwem formularza kontaktowego<\/li><li>Wysy\u0142anie informacji zwi\u0105zanych z pobytem<\/li><li>Wype\u0142nianie zobowi\u0105za\u0144 prawnych (np. ksi\u0119gowo\u015b\u0107)<\/li><\/ul><p>My\u00a0<strong>nie sprzedajemy<\/strong>\u00a0\u0438\u00a0<strong>nie udost\u0119pniamy<\/strong>\u00a0danych osobowych u\u017cytkownika stronom trzecim w celach marketingowych.<\/p><hr \/><h2>5. Udost\u0119pnianie danych stronom trzecim<\/h2><p>Dane u\u017cytkownika mog\u0105 by\u0107 udost\u0119pniane wy\u0142\u0105cznie<\/p><ul><li><strong>Dostawcy us\u0142ug p\u0142atniczych<\/strong>, do bezpiecznego przetwarzania p\u0142atno\u015bci<\/li><li><strong>Ksi\u0119gowi\/audytorzy<\/strong>, w ramach zobowi\u0105zania prawnego<\/li><li><strong>W\u0142adze pa\u0144stwowe<\/strong>, je\u015bli jest to wymagane przez prawo<\/li><\/ul><p>Wszystkie strony trzecie s\u0105 zobowi\u0105zane do przetwarzania danych u\u017cytkownika zgodnie z RODO.<\/p><hr \/><h2>6. Jak d\u0142ugo przechowujemy dane u\u017cytkownika<\/h2><div class=\"table-scroll-wrapper\"><table><thead><tr><th>Typ danych<\/th><th>Okres przechowywania<\/th><\/tr><\/thead><tbody><tr><td>Dane z rezerwacji<\/td><td>5 lat (zobowi\u0105zanie ksi\u0119gowe)<\/td><\/tr><tr><td>Dane z zapyta\u0144<\/td><td>1 rok od ostatniej komunikacji<\/td><\/tr><tr><td>Dane techniczne (dzienniki)<\/td><td>6 miesi\u0119cy<\/td><\/tr><\/tbody><\/table><\/div><hr \/><h2>7. Prawa u\u017cytkownika<\/h2><p>Jako osoba, kt\u00f3rej dane dotycz\u0105, zgodnie z RODO, masz prawo do:<\/p><ul><li><strong>Uzyskaj dost\u0119p<\/strong>\u00a0do danych osobowych u\u017cytkownika<\/li><li><strong>Prawid\u0142owo<\/strong>\u00a0niedok\u0142adne dane<\/li><li><strong>Usu\u0144<\/strong>\u00a0swoich danych (\u201eprawo do bycia zapomnianym\u201c)<\/li><li><strong>Limit<\/strong>\u00a0przetwarzanie danych u\u017cytkownika<\/li><li><strong>Zastrze\u017cenia<\/strong>\u00a0przeciwko przetwarzaniu<\/li><li><strong>Przeno\u015bno\u015b\u0107<\/strong>\u00a0dane<\/li><\/ul><p>Aby skorzysta\u0107 ze swoich praw, nale\u017cy skontaktowa\u0107 si\u0119 z nami, korzystaj\u0105c z poni\u017cszych danych kontaktowych. Odpowiemy w ci\u0105gu\u00a0<strong>30 dni<\/strong>.<\/p><hr \/><h2>8. Pliki cookie<\/h2><p>Witryna mo\u017ce wykorzystywa\u0107 technicznie niezb\u0119dne pliki cookie do normalnego funkcjonowania (np. do zapisywania sesji rezerwacji). Te pliki cookie nie \u015bledz\u0105 zachowania u\u017cytkownika i nie wymagaj\u0105 jego zgody.<\/p><hr \/><h2>9. Bezpiecze\u0144stwo danych<\/h2><p>Wdra\u017camy odpowiednie \u015brodki techniczne i organizacyjne w celu ochrony danych osobowych u\u017cytkownika przed nieuprawnionym dost\u0119pem, utrat\u0105 lub zniszczeniem.<\/p><hr \/><h2>10. Kontakt i skargi<\/h2><p><strong>ESCAP TOUR LTD.<\/strong><br \/>Strona internetowa:\u00a0<a href=\"http:\/\/transilvaniya-aparts.bg\/pl\/\" target=\"_blank\" rel=\"noopener noreferrer\">transilvaniya-aparts.bg<\/a><br \/>E-mail: transilvaniyaaparts@gmail.com<br \/>Telefon: +359 885 223 338 \/ +359 889 711 269<br \/>Adres. Adres. \u201eCar Svetoslav Terter\u201c \u2116 7<\/p><p>Je\u015bli u\u017cytkownik uwa\u017ca, \u017ce przetwarzanie jego danych narusza RODO, ma prawo z\u0142o\u017cy\u0107 skarg\u0119 do:<\/p><p><strong>Komisja Ochrony Danych Osobowych (CPDP)<\/strong><br \/>Strona internetowa:\u00a0<a href=\"https:\/\/www.cpdp.bg\/\" target=\"_blank\" rel=\"noopener noreferrer\">cpdp.bg<\/a><br \/>Adres. Sofia, bul. \u201eProf. 2, Plovdiv, Sofia<\/p>\t\t\t\t\t\t\t\t<\/div>\n\t\t\t\t\t<\/div>\n\t\t\t\t<\/div>\n\t\t<div class=\"elementor-element elementor-element-74bb269 e-flex e-con-boxed e-con e-parent\" data-id=\"74bb269\" data-element_type=\"container\" data-e-type=\"container\" data-settings=\"{&quot;jet_parallax_layout_list&quot;:[]}\">\n\t\t\t\t\t<div class=\"e-con-inner\">\n\t\t\t\t<div class=\"elementor-element elementor-element-dda53d1 elementor-widget elementor-widget-heading\" data-id=\"dda53d1\" data-element_type=\"widget\" data-e-type=\"widget\" data-widget_type=\"heading.default\">\n\t\t\t\t\t<h4 class=\"elementor-heading-title elementor-size-default\"><a href=\"https:\/\/transilvaniya-aparts.bg\/pl\/gdpr\/\">Aby zapozna\u0107 si\u0119 z pe\u0142n\u0105 polityk\u0105 prywatno\u015bci, kliknij tutaj<\/a><\/h4>\t\t\t\t<\/div>\n\t\t\t\t\t<\/div>\n\t\t\t\t<\/div>\n\t\t\t\t<\/div>","protected":false},"excerpt":{"rendered":"<p>\u041f\u043e\u043b\u0438\u0442\u0438\u043a\u0430 \u0437\u0430 \u043f\u043e\u0432\u0435\u0440\u0438\u0442\u0435\u043b\u043d\u043e\u0441\u0442 transilvaniya-aparts.bg\u0415\u0421\u041a\u0415\u0419\u041f \u0422\u0423\u0420 \u041e\u041e\u0414 \u041f\u043e\u0441\u043b\u0435\u0434\u043d\u0430 \u0430\u043a\u0442\u0443\u0430\u043b\u0438\u0437\u0430\u0446\u0438\u044f: \u043c\u0430\u0440\u0442 2025 \u0433. 1. \u0412\u044a\u0432\u0435\u0434\u0435\u043d\u0438\u0435 \u0415\u0421\u041a\u0415\u0419\u041f \u0422\u0423\u0420 \u041e\u041e\u0414 (\u201e\u043d\u0438\u0435&#8220;, \u201e\u043d\u0430\u0441&#8220;, \u201e\u043d\u0430\u0448\u0438\u044f\u0442&#8220;) \u0435 \u0430\u0434\u043c\u0438\u043d\u0438\u0441\u0442\u0440\u0430\u0442\u043e\u0440 \u043d\u0430 \u043b\u0438\u0447\u043d\u0438 \u0434\u0430\u043d\u043d\u0438 \u0438 \u0441\u0435 \u0430\u043d\u0433\u0430\u0436\u0438\u0440\u0430 \u0434\u0430 \u0437\u0430\u0449\u0438\u0442\u0430\u0432\u0430 \u043b\u0438\u0447\u043d\u0430\u0442\u0430 \u0432\u0438 \u0438\u043d\u0444\u043e\u0440\u043c\u0430\u0446\u0438\u044f. \u041d\u0430\u0441\u0442\u043e\u044f\u0449\u0430\u0442\u0430 \u043f\u043e\u043b\u0438\u0442\u0438\u043a\u0430 \u0437\u0430 \u043f\u043e\u0432\u0435\u0440\u0438\u0442\u0435\u043b\u043d\u043e\u0441\u0442 \u043e\u0431\u044f\u0441\u043d\u044f\u0432\u0430 \u043a\u0430\u043a\u0432\u0438 \u0434\u0430\u043d\u043d\u0438 \u0441\u044a\u0431\u0438\u0440\u0430\u043c\u0435, \u0437\u0430\u0449\u043e \u0433\u0438 \u0441\u044a\u0431\u0438\u0440\u0430\u043c\u0435 \u0438 \u043a\u0430\u043a \u0433\u0438 \u0438\u0437\u043f\u043e\u043b\u0437\u0432\u0430\u043c\u0435, \u043a\u043e\u0433\u0430\u0442\u043e \u043f\u043e\u0441\u0435\u0449\u0430\u0432\u0430\u0442\u0435\u00a0transilvaniya-aparts.bg. \u0414\u0435\u0439\u043d\u043e\u0441\u0442\u0442\u0430 \u043d\u0438 \u0435 \u0440\u0435\u0433\u0443\u043b\u0438\u0440\u0430\u043d\u0430 \u043e\u0442\u00a0\u0420\u0435\u0433\u043b\u0430\u043c\u0435\u043d\u0442 (\u0415\u0421) [&hellip;]<\/p>\n","protected":false},"author":1,"featured_media":0,"parent":0,"menu_order":0,"comment_status":"closed","ping_status":"closed","template":"","meta":{"footnotes":""},"class_list":["post-3230","page","type-page","status-publish","hentry"],"_links":{"self":[{"href":"https:\/\/transilvaniya-aparts.bg\/pl\/wp-json\/wp\/v2\/pages\/3230","targetHints":{"allow":["GET"]}}],"collection":[{"href":"https:\/\/transilvaniya-aparts.bg\/pl\/wp-json\/wp\/v2\/pages"}],"about":[{"href":"https:\/\/transilvaniya-aparts.bg\/pl\/wp-json\/wp\/v2\/types\/page"}],"author":[{"embeddable":true,"href":"https:\/\/transilvaniya-aparts.bg\/pl\/wp-json\/wp\/v2\/users\/1"}],"replies":[{"embeddable":true,"href":"https:\/\/transilvaniya-aparts.bg\/pl\/wp-json\/wp\/v2\/comments?post=3230"}],"version-history":[{"count":9,"href":"https:\/\/transilvaniya-aparts.bg\/pl\/wp-json\/wp\/v2\/pages\/3230\/revisions"}],"predecessor-version":[{"id":3875,"href":"https:\/\/transilvaniya-aparts.bg\/pl\/wp-json\/wp\/v2\/pages\/3230\/revisions\/3875"}],"wp:attachment":[{"href":"https:\/\/transilvaniya-aparts.bg\/pl\/wp-json\/wp\/v2\/media?parent=3230"}],"curies":[{"name":"wp","href":"https:\/\/api.w.org\/{rel}","templated":true}]}}