{"id":3634,"date":"2026-03-14T09:23:47","date_gmt":"2026-03-14T09:23:47","guid":{"rendered":"https:\/\/transilvaniya-aparts.bg\/?page_id=3634"},"modified":"2026-03-27T11:59:50","modified_gmt":"2026-03-27T11:59:50","slug":"cookies-policy","status":"publish","type":"page","link":"https:\/\/transilvaniya-aparts.bg\/de\/cookies-policy\/","title":{"rendered":"Cookie-Richtlinie"},"content":{"rendered":"<div data-elementor-type=\"wp-page\" data-elementor-id=\"3634\" class=\"elementor elementor-3634\" data-elementor-post-type=\"page\">\n\t\t\t\t<div class=\"elementor-element elementor-element-b7ef3e8 e-flex e-con-boxed e-con e-parent\" data-id=\"b7ef3e8\" data-element_type=\"container\" data-e-type=\"container\" data-settings=\"{&quot;jet_parallax_layout_list&quot;:[]}\">\n\t\t\t\t\t<div class=\"e-con-inner\">\n\t\t\t\t<div class=\"elementor-element elementor-element-808e6a9 elementor-widget elementor-widget-text-editor\" data-id=\"808e6a9\" data-element_type=\"widget\" data-e-type=\"widget\" data-widget_type=\"text-editor.default\">\n\t\t\t\t\t\t\t\t\t<h2>Cookies-Politik<\/h2><p><strong><a href=\"http:\/\/transilvaniya-aparts.bg\/de\/\" target=\"_blank\" rel=\"noopener noreferrer\">transilvaniya-aparts.bg<\/a><\/strong><br \/><strong>ESCAP TOUR LTD.<\/strong><\/p><p><em>Letzte Aktualisierung: M\u00e4rz 2025.<\/em><\/p><hr \/><h2>1. Was sind Cookies?<\/h2><p>Cookies sind kleine Textdateien, die auf Ihrem Ger\u00e4t gespeichert werden, wenn Sie eine Website besuchen. Sie helfen der Website, ordnungsgem\u00e4\u00df zu funktionieren und bestimmte Einstellungen \u00fcber Ihren Besuch zu speichern.<\/p><hr \/><h2>2. Welche Cookies wir verwenden<\/h2><p>Unter\u00a0<strong><a href=\"http:\/\/transilvaniya-aparts.bg\/de\/\" target=\"_blank\" rel=\"noopener noreferrer\">transilvaniya-aparts.bg<\/a><\/strong>\u00a0wir verwenden nur\u00a0<strong>technisch notwendige Cookies<\/strong>, ohne die die Website nicht normal funktionieren kann.<\/p><div class=\"table-scroll-wrapper\"><table><thead><tr><th>Typ<\/th><th>Zielsetzung<\/th><th>Deadline<\/th><\/tr><\/thead><tbody><tr><td>Sitzungs-Cookie<\/td><td>Speichert Ihre Daten w\u00e4hrend der Buchung (Checkout)<\/td><td>Am Ende der Sitzung<\/td><\/tr><tr><td>Sicherheit<\/td><td>Schutz vor b\u00f6swilligen Anfragen (CSRF-Schutz)<\/td><td>Am Ende der Sitzung<\/td><\/tr><tr><td>Pr\u00e4ferenzen<\/td><td>Erinnert sich an Sprache oder technische Einstellungen<\/td><td>Am Ende der Sitzung<\/td><\/tr><\/tbody><\/table><\/div><p>Cookies von unserem Zahlungsanbieter <strong>Borica<\/strong>\u00a0k\u00f6nnen auch bei der Navigation zur Kassenseite gesetzt werden. Diese Cookies werden von dem jeweiligen Anbieter verwaltet und dienen ausschlie\u00dflich der sicheren Zahlungsabwicklung.<\/p><hr \/><h2>3. Cookies von Dritten<\/h2><p>Wir\u00a0<strong>wir verwenden nicht<\/strong>\u00a0Cookies f\u00fcr:<\/p><ul><li>Verfolgung und Analyse (z. B. Google Analytics)<\/li><li>Werbung und Remarketing<\/li><li>Soziale Netzwerke<\/li><li>E-Mail-Marketing<\/li><\/ul><hr \/><h2>4. Ist Ihre Zustimmung erforderlich?<\/h2><p>Technisch erforderliche Cookies\u00a0<strong>nicht Ihre Zustimmung erfordern<\/strong>\u00a0gem\u00e4\u00df der GDPR und der Richtlinie 2009\/136\/EG, da sie f\u00fcr den normalen Betrieb der Website zwingend erforderlich sind. Aus diesem Grund ist unsere Website\u00a0<strong>kein Cookie-Pop-up-Banner<\/strong>.<\/p><hr \/><h2>5. Wie man Cookies verwaltet<\/h2><p>Sie k\u00f6nnen Cookies \u00fcber Ihre Browsereinstellungen kontrollieren und l\u00f6schen:<\/p><ul><li><strong>Chrom:<\/strong>\u00a0Einstellungen \u2192 Datenschutz &amp; Sicherheit \u2192 Cookies<\/li><li><strong>Firefox:<\/strong>\u00a0Einstellungen \u2192 Datenschutz und Sicherheit<\/li><li><strong>Safari:<\/strong>\u00a0Einstellungen \u2192 Datenschutz<\/li><li><strong>Rand:<\/strong>\u00a0Einstellungen \u2192 Cookies und Website-Berechtigungen<\/li><\/ul><p>Bitte beachten Sie, dass die Blockierung technisch notwendiger Cookies dazu f\u00fchren kann, dass die Buchungsseite nicht richtig funktioniert.<\/p><hr \/><h2>6. \u00c4nderungen der Politik<\/h2><p>Wir werden diese Seite aktualisieren, wenn es \u00c4nderungen bei den verwendeten Cookies gibt. Wir empfehlen Ihnen, sie regelm\u00e4\u00dfig zu \u00fcberpr\u00fcfen.<\/p><hr \/><h2>7. Kontakt<\/h2><p>Wenn Sie Fragen zu unserer Verwendung von Cookies haben, wenden Sie sich bitte an uns:<\/p><p><strong>ESCAP TOUR LTD.<\/strong><br \/>Website:\u00a0<a href=\"http:\/\/transilvaniya-aparts.bg\/de\/\" target=\"_blank\" rel=\"noopener noreferrer\">transilvaniya-aparts.bg<\/a><br \/>E-Mail: transilvaniyaaparts@gmail.com<br \/>Telefon: +359 885 223 338 \/ +359 889 711 269<\/p>\t\t\t\t\t\t\t\t<\/div>\n\t\t\t\t\t<\/div>\n\t\t\t\t<\/div>\n\t\t\t\t<\/div>","protected":false},"excerpt":{"rendered":"<p>\u041f\u043e\u043b\u0438\u0442\u0438\u043a\u0430 \u0437\u0430 \u0431\u0438\u0441\u043a\u0432\u0438\u0442\u043a\u0438 (Cookies) transilvaniya-aparts.bg\u0415\u0421\u041a\u0415\u0419\u041f \u0422\u0423\u0420 \u041e\u041e\u0414 \u041f\u043e\u0441\u043b\u0435\u0434\u043d\u0430 \u0430\u043a\u0442\u0443\u0430\u043b\u0438\u0437\u0430\u0446\u0438\u044f: \u043c\u0430\u0440\u0442 2025 \u0433. 1. \u041a\u0430\u043a\u0432\u043e \u0441\u0430 \u0431\u0438\u0441\u043a\u0432\u0438\u0442\u043a\u0438? \u0411\u0438\u0441\u043a\u0432\u0438\u0442\u043a\u0438\u0442\u0435 (cookies) \u0441\u0430 \u043c\u0430\u043b\u043a\u0438 \u0442\u0435\u043a\u0441\u0442\u043e\u0432\u0438 \u0444\u0430\u0439\u043b\u043e\u0432\u0435, \u043a\u043e\u0438\u0442\u043e \u0441\u0435 \u0437\u0430\u043f\u0430\u0437\u0432\u0430\u0442 \u043d\u0430 \u0432\u0430\u0448\u0435\u0442\u043e \u0443\u0441\u0442\u0440\u043e\u0439\u0441\u0442\u0432\u043e \u043f\u0440\u0438 \u043f\u043e\u0441\u0435\u0449\u0435\u043d\u0438\u0435 \u043d\u0430 \u0443\u0435\u0431\u0441\u0430\u0439\u0442. \u0422\u0435 \u043f\u043e\u043c\u0430\u0433\u0430\u0442 \u043d\u0430 \u0441\u0430\u0439\u0442\u0430 \u0434\u0430 \u0444\u0443\u043d\u043a\u0446\u0438\u043e\u043d\u0438\u0440\u0430 \u043f\u0440\u0430\u0432\u0438\u043b\u043d\u043e \u0438 \u0434\u0430 \u0437\u0430\u043f\u043e\u043c\u043d\u0438 \u043e\u043f\u0440\u0435\u0434\u0435\u043b\u0435\u043d\u0438 \u043d\u0430\u0441\u0442\u0440\u043e\u0439\u043a\u0438 \u0437\u0430 \u0432\u0430\u0448\u0435\u0442\u043e \u043f\u043e\u0441\u0435\u0449\u0435\u043d\u0438\u0435. 2. \u041a\u0430\u043a\u0432\u0438 \u0431\u0438\u0441\u043a\u0432\u0438\u0442\u043a\u0438 \u0438\u0437\u043f\u043e\u043b\u0437\u0432\u0430\u043c\u0435 \u041d\u0430\u00a0transilvaniya-aparts.bg\u00a0\u0438\u0437\u043f\u043e\u043b\u0437\u0432\u0430\u043c\u0435 \u0435\u0434\u0438\u043d\u0441\u0442\u0432\u0435\u043d\u043e\u00a0\u0442\u0435\u0445\u043d\u0438\u0447\u0435\u0441\u043a\u0438 \u043d\u0435\u043e\u0431\u0445\u043e\u0434\u0438\u043c\u0438 \u0431\u0438\u0441\u043a\u0432\u0438\u0442\u043a\u0438, [&hellip;]<\/p>\n","protected":false},"author":1,"featured_media":0,"parent":0,"menu_order":0,"comment_status":"closed","ping_status":"closed","template":"","meta":{"footnotes":""},"class_list":["post-3634","page","type-page","status-publish","hentry"],"_links":{"self":[{"href":"https:\/\/transilvaniya-aparts.bg\/de\/wp-json\/wp\/v2\/pages\/3634","targetHints":{"allow":["GET"]}}],"collection":[{"href":"https:\/\/transilvaniya-aparts.bg\/de\/wp-json\/wp\/v2\/pages"}],"about":[{"href":"https:\/\/transilvaniya-aparts.bg\/de\/wp-json\/wp\/v2\/types\/page"}],"author":[{"embeddable":true,"href":"https:\/\/transilvaniya-aparts.bg\/de\/wp-json\/wp\/v2\/users\/1"}],"replies":[{"embeddable":true,"href":"https:\/\/transilvaniya-aparts.bg\/de\/wp-json\/wp\/v2\/comments?post=3634"}],"version-history":[{"count":3,"href":"https:\/\/transilvaniya-aparts.bg\/de\/wp-json\/wp\/v2\/pages\/3634\/revisions"}],"predecessor-version":[{"id":3740,"href":"https:\/\/transilvaniya-aparts.bg\/de\/wp-json\/wp\/v2\/pages\/3634\/revisions\/3740"}],"wp:attachment":[{"href":"https:\/\/transilvaniya-aparts.bg\/de\/wp-json\/wp\/v2\/media?parent=3634"}],"curies":[{"name":"wp","href":"https:\/\/api.w.org\/{rel}","templated":true}]}}