{"id":3634,"date":"2026-03-14T09:23:47","date_gmt":"2026-03-14T09:23:47","guid":{"rendered":"https:\/\/transilvaniya-aparts.bg\/?page_id=3634"},"modified":"2026-03-27T11:59:50","modified_gmt":"2026-03-27T11:59:50","slug":"cookies-policy","status":"publish","type":"page","link":"https:\/\/transilvaniya-aparts.bg\/cs\/cookies-policy\/","title":{"rendered":"Z\u00e1sady pou\u017e\u00edv\u00e1n\u00ed soubor\u016f cookie"},"content":{"rendered":"<div data-elementor-type=\"wp-page\" data-elementor-id=\"3634\" class=\"elementor elementor-3634\" data-elementor-post-type=\"page\">\n\t\t\t\t<div class=\"elementor-element elementor-element-b7ef3e8 e-flex e-con-boxed e-con e-parent\" data-id=\"b7ef3e8\" data-element_type=\"container\" data-e-type=\"container\" data-settings=\"{&quot;jet_parallax_layout_list&quot;:[]}\">\n\t\t\t\t\t<div class=\"e-con-inner\">\n\t\t\t\t<div class=\"elementor-element elementor-element-808e6a9 elementor-widget elementor-widget-text-editor\" data-id=\"808e6a9\" data-element_type=\"widget\" data-e-type=\"widget\" data-widget_type=\"text-editor.default\">\n\t\t\t\t\t\t\t\t\t<h2>Z\u00e1sady pou\u017e\u00edv\u00e1n\u00ed soubor\u016f cookie<\/h2><p><strong><a href=\"http:\/\/transilvaniya-aparts.bg\/cs\/\" target=\"_blank\" rel=\"noopener noreferrer\">transilvaniya-aparts.bg<\/a><\/strong><br \/><strong>ESCAP TOUR LTD.<\/strong><\/p><p><em>Posledn\u00ed aktualizace: b\u0159ezen 2025.<\/em><\/p><hr \/><h2>1. Co jsou to soubory cookie?<\/h2><p>Soubory cookie jsou mal\u00e9 textov\u00e9 soubory, kter\u00e9 se ukl\u00e1daj\u00ed do va\u0161eho za\u0159\u00edzen\u00ed p\u0159i n\u00e1v\u0161t\u011bv\u011b webov\u00fdch str\u00e1nek. Pom\u00e1haj\u00ed webu spr\u00e1vn\u011b fungovat a pamatuj\u00ed si ur\u010dit\u00e1 nastaven\u00ed t\u00fdkaj\u00edc\u00ed se va\u0161\u00ed n\u00e1v\u0161t\u011bvy.<\/p><hr \/><h2>2. Jak\u00e9 soubory cookie pou\u017e\u00edv\u00e1me<\/h2><p>Na adrese\u00a0<strong><a href=\"http:\/\/transilvaniya-aparts.bg\/cs\/\" target=\"_blank\" rel=\"noopener noreferrer\">transilvaniya-aparts.bg<\/a><\/strong>\u00a0pou\u017e\u00edv\u00e1me pouze\u00a0<strong>technicky nezbytn\u00e9 soubory cookie<\/strong>, bez kter\u00fdch nem\u016f\u017ee web norm\u00e1ln\u011b fungovat.<\/p><div class=\"table-scroll-wrapper\"><table><thead><tr><th>Typ<\/th><th>C\u00edl<\/th><th>Term\u00edn<\/th><\/tr><\/thead><tbody><tr><td>Soubor cookie relace<\/td><td>Ulo\u017e\u00ed va\u0161e \u00fadaje b\u011bhem rezervace (pokladna)<\/td><td>Na konci sezen\u00ed<\/td><\/tr><tr><td>Zabezpe\u010den\u00ed<\/td><td>Ochrana proti \u0161kodliv\u00fdm po\u017eadavk\u016fm (ochrana CSRF)<\/td><td>Na konci sezen\u00ed<\/td><\/tr><tr><td>P\u0159edvolby<\/td><td>Pamatuje si jazykov\u00e1 nebo technick\u00e1 nastaven\u00ed<\/td><td>Na konci sezen\u00ed<\/td><\/tr><\/tbody><\/table><\/div><p>Soubory cookie na\u0161eho poskytovatele plateb <strong>Borica<\/strong>\u00a0lze um\u00edstit tak\u00e9 p\u0159i p\u0159echodu na str\u00e1nku pokladny. Tyto soubory cookie spravuje p\u0159\u00edslu\u0161n\u00fd poskytovatel a slou\u017e\u00ed pouze k zabezpe\u010den\u00ed zpracov\u00e1n\u00ed plateb.<\/p><hr \/><h2>3. Soubory cookie t\u0159et\u00edch stran<\/h2><p>My\u00a0<strong>nepou\u017e\u00edv\u00e1me<\/strong>\u00a0cookies pro:<\/p><ul><li>Sledov\u00e1n\u00ed a anal\u00fdza (nap\u0159. Google Analytics)<\/li><li>Reklama a remarketing<\/li><li>Soci\u00e1ln\u00ed s\u00edt\u011b<\/li><li>E-mailov\u00fd marketing<\/li><\/ul><hr \/><h2>4. Je nutn\u00fd v\u00e1\u0161 souhlas?<\/h2><p>Technicky po\u017eadovan\u00e9 soubory cookie\u00a0<strong>nevy\u017eaduj\u00ed v\u00e1\u0161 souhlas<\/strong>\u00a0podle GDPR a sm\u011brnice 2009\/136\/ES, proto\u017ee jsou povinn\u00e9 pro b\u011b\u017en\u00fd provoz webov\u00fdch str\u00e1nek. Z tohoto d\u016fvodu na\u0161e webov\u00e9 str\u00e1nky\u00a0<strong>vyskakovac\u00ed banner bez soubor\u016f cookie<\/strong>.<\/p><hr \/><h2>5. Jak spravovat soubory cookie<\/h2><p>Soubory cookie m\u016f\u017eete kontrolovat a mazat prost\u0159ednictv\u00edm nastaven\u00ed prohl\u00ed\u017ee\u010de:<\/p><ul><li><strong>Chrome:<\/strong>\u00a0Nastaven\u00ed \u2192 Ochrana soukrom\u00ed a zabezpe\u010den\u00ed \u2192 Soubory cookie<\/li><li><strong>Firefox:<\/strong>\u00a0Nastaven\u00ed \u2192 Soukrom\u00ed a zabezpe\u010den\u00ed<\/li><li><strong>Safari:<\/strong>\u00a0Nastaven\u00ed \u2192 Soukrom\u00ed<\/li><li><strong>Hrana:<\/strong>\u00a0Nastaven\u00ed \u2192 Soubory cookie a opr\u00e1vn\u011bn\u00ed webu<\/li><\/ul><p>Vezm\u011bte pros\u00edm na v\u011bdom\u00ed, \u017ee zablokov\u00e1n\u00ed technicky nezbytn\u00fdch soubor\u016f cookie m\u016f\u017ee v\u00e9st k tomu, \u017ee rezerva\u010dn\u00ed str\u00e1nka nebude fungovat spr\u00e1vn\u011b.<\/p><hr \/><h2>6. Zm\u011bny politiky<\/h2><p>Pokud dojde ke zm\u011bn\u00e1m v pou\u017e\u00edvan\u00fdch souborech cookie, budeme tuto str\u00e1nku aktualizovat. Doporu\u010dujeme, abyste si ji pravideln\u011b prohl\u00ed\u017eeli.<\/p><hr \/><h2>7. Kontakt<\/h2><p>M\u00e1te-li jak\u00e9koli dotazy ohledn\u011b pou\u017e\u00edv\u00e1n\u00ed soubor\u016f cookie, kontaktujte n\u00e1s:<\/p><p><strong>ESCAP TOUR LTD.<\/strong><br \/>Webov\u00e9 str\u00e1nky:\u00a0<a href=\"http:\/\/transilvaniya-aparts.bg\/cs\/\" target=\"_blank\" rel=\"noopener noreferrer\">transilvaniya-aparts.bg<\/a><br \/>E-mail: transilvaniyaaparts@gmail.com<br \/>Telefon: +359 885 223 338 \/ +359 889 711 269<\/p>\t\t\t\t\t\t\t\t<\/div>\n\t\t\t\t\t<\/div>\n\t\t\t\t<\/div>\n\t\t\t\t<\/div>","protected":false},"excerpt":{"rendered":"<p>\u041f\u043e\u043b\u0438\u0442\u0438\u043a\u0430 \u0437\u0430 \u0431\u0438\u0441\u043a\u0432\u0438\u0442\u043a\u0438 (Cookies) transilvaniya-aparts.bg\u0415\u0421\u041a\u0415\u0419\u041f \u0422\u0423\u0420 \u041e\u041e\u0414 \u041f\u043e\u0441\u043b\u0435\u0434\u043d\u0430 \u0430\u043a\u0442\u0443\u0430\u043b\u0438\u0437\u0430\u0446\u0438\u044f: \u043c\u0430\u0440\u0442 2025 \u0433. 1. \u041a\u0430\u043a\u0432\u043e \u0441\u0430 \u0431\u0438\u0441\u043a\u0432\u0438\u0442\u043a\u0438? \u0411\u0438\u0441\u043a\u0432\u0438\u0442\u043a\u0438\u0442\u0435 (cookies) \u0441\u0430 \u043c\u0430\u043b\u043a\u0438 \u0442\u0435\u043a\u0441\u0442\u043e\u0432\u0438 \u0444\u0430\u0439\u043b\u043e\u0432\u0435, \u043a\u043e\u0438\u0442\u043e \u0441\u0435 \u0437\u0430\u043f\u0430\u0437\u0432\u0430\u0442 \u043d\u0430 \u0432\u0430\u0448\u0435\u0442\u043e \u0443\u0441\u0442\u0440\u043e\u0439\u0441\u0442\u0432\u043e \u043f\u0440\u0438 \u043f\u043e\u0441\u0435\u0449\u0435\u043d\u0438\u0435 \u043d\u0430 \u0443\u0435\u0431\u0441\u0430\u0439\u0442. \u0422\u0435 \u043f\u043e\u043c\u0430\u0433\u0430\u0442 \u043d\u0430 \u0441\u0430\u0439\u0442\u0430 \u0434\u0430 \u0444\u0443\u043d\u043a\u0446\u0438\u043e\u043d\u0438\u0440\u0430 \u043f\u0440\u0430\u0432\u0438\u043b\u043d\u043e \u0438 \u0434\u0430 \u0437\u0430\u043f\u043e\u043c\u043d\u0438 \u043e\u043f\u0440\u0435\u0434\u0435\u043b\u0435\u043d\u0438 \u043d\u0430\u0441\u0442\u0440\u043e\u0439\u043a\u0438 \u0437\u0430 \u0432\u0430\u0448\u0435\u0442\u043e \u043f\u043e\u0441\u0435\u0449\u0435\u043d\u0438\u0435. 2. \u041a\u0430\u043a\u0432\u0438 \u0431\u0438\u0441\u043a\u0432\u0438\u0442\u043a\u0438 \u0438\u0437\u043f\u043e\u043b\u0437\u0432\u0430\u043c\u0435 \u041d\u0430\u00a0transilvaniya-aparts.bg\u00a0\u0438\u0437\u043f\u043e\u043b\u0437\u0432\u0430\u043c\u0435 \u0435\u0434\u0438\u043d\u0441\u0442\u0432\u0435\u043d\u043e\u00a0\u0442\u0435\u0445\u043d\u0438\u0447\u0435\u0441\u043a\u0438 \u043d\u0435\u043e\u0431\u0445\u043e\u0434\u0438\u043c\u0438 \u0431\u0438\u0441\u043a\u0432\u0438\u0442\u043a\u0438, [&hellip;]<\/p>\n","protected":false},"author":1,"featured_media":0,"parent":0,"menu_order":0,"comment_status":"closed","ping_status":"closed","template":"","meta":{"footnotes":""},"class_list":["post-3634","page","type-page","status-publish","hentry"],"_links":{"self":[{"href":"https:\/\/transilvaniya-aparts.bg\/cs\/wp-json\/wp\/v2\/pages\/3634","targetHints":{"allow":["GET"]}}],"collection":[{"href":"https:\/\/transilvaniya-aparts.bg\/cs\/wp-json\/wp\/v2\/pages"}],"about":[{"href":"https:\/\/transilvaniya-aparts.bg\/cs\/wp-json\/wp\/v2\/types\/page"}],"author":[{"embeddable":true,"href":"https:\/\/transilvaniya-aparts.bg\/cs\/wp-json\/wp\/v2\/users\/1"}],"replies":[{"embeddable":true,"href":"https:\/\/transilvaniya-aparts.bg\/cs\/wp-json\/wp\/v2\/comments?post=3634"}],"version-history":[{"count":3,"href":"https:\/\/transilvaniya-aparts.bg\/cs\/wp-json\/wp\/v2\/pages\/3634\/revisions"}],"predecessor-version":[{"id":3740,"href":"https:\/\/transilvaniya-aparts.bg\/cs\/wp-json\/wp\/v2\/pages\/3634\/revisions\/3740"}],"wp:attachment":[{"href":"https:\/\/transilvaniya-aparts.bg\/cs\/wp-json\/wp\/v2\/media?parent=3634"}],"curies":[{"name":"wp","href":"https:\/\/api.w.org\/{rel}","templated":true}]}}